{"id":1947,"date":"2024-05-24T11:18:44","date_gmt":"2024-05-24T09:18:44","guid":{"rendered":"https:\/\/pegrila.ch\/?page_id=1947"},"modified":"2024-05-28T13:34:32","modified_gmt":"2024-05-28T11:34:32","slug":"betonveredelung","status":"publish","type":"page","link":"https:\/\/pegrila.ch\/de\/betonveredelung\/","title":{"rendered":"Betonveredelung"},"content":{"rendered":"\t\t<div data-elementor-type=\"wp-page\" data-elementor-id=\"1947\" class=\"elementor elementor-1947\" data-elementor-post-type=\"page\">\n\t\t\t\t<div class=\"elementor-element elementor-element-09fcfea e-con-full e-flex e-con e-parent\" data-id=\"09fcfea\" data-element_type=\"container\" data-settings=\"{&quot;background_background&quot;:&quot;classic&quot;}\">\n\t\t<div class=\"elementor-element elementor-element-b0b23ab e-flex e-con-boxed e-con e-child\" data-id=\"b0b23ab\" data-element_type=\"container\">\n\t\t\t\t\t<div class=\"e-con-inner\">\n\t\t\t\t<div class=\"elementor-element elementor-element-ca0fcbb breadcrumbs elementor-widget elementor-widget-text-editor\" data-id=\"ca0fcbb\" data-element_type=\"widget\" data-widget_type=\"text-editor.default\">\n\t\t\t\t<div class=\"elementor-widget-container\">\n\t\t\t\t\t\t\t\t\t<p><nav aria-label=\"breadcrumbs\" class=\"rank-math-breadcrumb\"><p><span class=\"last\">Startseite<\/span><\/p><\/nav><\/p>\t\t\t\t\t\t\t\t<\/div>\n\t\t\t\t<\/div>\n\t\t\t\t<div class=\"elementor-element elementor-element-304e8b8 elementor-widget elementor-widget-heading\" data-id=\"304e8b8\" data-element_type=\"widget\" data-widget_type=\"heading.default\">\n\t\t\t\t<div class=\"elementor-widget-container\">\n\t\t\t\t\t<h1 class=\"elementor-heading-title elementor-size-default\">Betonveredelung<\/h1>\t\t\t\t<\/div>\n\t\t\t\t<\/div>\n\t\t\t\t<div class=\"elementor-element elementor-element-141597e elementor-widget elementor-widget-spacer\" data-id=\"141597e\" data-element_type=\"widget\" data-widget_type=\"spacer.default\">\n\t\t\t\t<div class=\"elementor-widget-container\">\n\t\t\t\t\t\t\t<div class=\"elementor-spacer\">\n\t\t\t<div class=\"elementor-spacer-inner\"><\/div>\n\t\t<\/div>\n\t\t\t\t\t\t<\/div>\n\t\t\t\t<\/div>\n\t\t\t\t\t<\/div>\n\t\t\t\t<\/div>\n\t\t\t\t<\/div>\n\t\t<div class=\"elementor-element elementor-element-4e4e22a e-flex e-con-boxed e-con e-parent\" data-id=\"4e4e22a\" data-element_type=\"container\" data-settings=\"{&quot;background_background&quot;:&quot;classic&quot;}\">\n\t\t\t\t\t<div class=\"e-con-inner\">\n\t\t<div class=\"elementor-element elementor-element-b085cfa e-flex e-con-boxed e-con e-child\" data-id=\"b085cfa\" data-element_type=\"container\" data-settings=\"{&quot;background_background&quot;:&quot;classic&quot;}\">\n\t\t\t\t\t<div class=\"e-con-inner\">\n\t\t<div class=\"elementor-element elementor-element-a3aaf01 e-con-full e-flex e-con e-child\" data-id=\"a3aaf01\" data-element_type=\"container\" data-settings=\"{&quot;background_background&quot;:&quot;classic&quot;}\">\n\t\t\t\t<div class=\"elementor-element elementor-element-a7a4d2e linktext elementor-widget elementor-widget-text-editor\" data-id=\"a7a4d2e\" data-element_type=\"widget\" data-widget_type=\"text-editor.default\">\n\t\t\t\t<div class=\"elementor-widget-container\">\n\t\t\t\t\t\t\t\t\t<p>Bei der Betonveredelung wird durch das Aufbringen von bestimmten Produkten das optische Erscheinungsbild des Betons ver\u00e4ndert und der Widerstand gegen\u00fcber chemischen Einfl\u00fcssen sowie der Kapillarwirkung positiv beeinflusst. Die meistens auf Silikat basierenden Produkten, die auf die Betonoberfl\u00e4che aufgespr\u00fcht werden, wirken impr\u00e4gnierend. Dieser Arbeitsschritt dient als Verschmutzungsschutz, weil die mit Zement gebundene Oberfl\u00e4chen ohne solch eine Behandlung meist saugf\u00e4hig sind.<\/p><p>Die Anwendungsbereiche sind vielf\u00e4ltig und effektiv als Schutz gegen Verschmutzungen aller Art wie zum Beispiel \u00d6le, Fette, Schlamm und Wasser. Durch die Veredelung wird der Beton widerstandsf\u00e4higer gegen Abrieb sowie bleibt die Farbe und Struktur des Betons bewahrt. Beim Aufbringen der Produkte ist zwingend die Anzahl an Applikationen zu beachten sowie die Richtung, in welche die Applikationen nacheinander aufgebracht werden.<\/p>\t\t\t\t\t\t\t\t<\/div>\n\t\t\t\t<\/div>\n\t\t\t\t<\/div>\n\t\t<div class=\"elementor-element elementor-element-e7f500d e-flex e-con-boxed e-con e-child\" data-id=\"e7f500d\" data-element_type=\"container\" data-settings=\"{&quot;background_background&quot;:&quot;classic&quot;}\">\n\t\t\t\t\t<div class=\"e-con-inner\">\n\t\t\t\t<div class=\"elementor-element elementor-element-31ad287 elementor-widget elementor-widget-spacer\" data-id=\"31ad287\" data-element_type=\"widget\" data-widget_type=\"spacer.default\">\n\t\t\t\t<div class=\"elementor-widget-container\">\n\t\t\t\t\t\t\t<div class=\"elementor-spacer\">\n\t\t\t<div class=\"elementor-spacer-inner\"><\/div>\n\t\t<\/div>\n\t\t\t\t\t\t<\/div>\n\t\t\t\t<\/div>\n\t\t\t\t\t<\/div>\n\t\t\t\t<\/div>\n\t\t\t\t\t<\/div>\n\t\t\t\t<\/div>\n\t\t\t\t\t<\/div>\n\t\t\t\t<\/div>\n\t\t<div class=\"elementor-element elementor-element-323dc05 e-flex e-con-boxed e-con e-parent\" data-id=\"323dc05\" data-element_type=\"container\">\n\t\t\t\t\t<div class=\"e-con-inner\">\n\t\t<div class=\"elementor-element elementor-element-c41aceb e-con-full e-flex e-con e-child\" data-id=\"c41aceb\" data-element_type=\"container\" data-settings=\"{&quot;background_background&quot;:&quot;classic&quot;}\">\n\t\t\t\t<div class=\"elementor-element elementor-element-9cf754d liststyling elementor-widget elementor-widget-toggle\" data-id=\"9cf754d\" data-element_type=\"widget\" data-widget_type=\"toggle.default\">\n\t\t\t\t<div class=\"elementor-widget-container\">\n\t\t\t\t\t\t\t<div class=\"elementor-toggle\">\n\t\t\t\t\t\t\t<div class=\"elementor-toggle-item\">\n\t\t\t\t\t<div id=\"elementor-tab-title-1641\" class=\"elementor-tab-title\" data-tab=\"1\" role=\"button\" aria-controls=\"elementor-tab-content-1641\" aria-expanded=\"false\">\n\t\t\t\t\t\t\t\t\t\t\t\t<span class=\"elementor-toggle-icon elementor-toggle-icon-right\" aria-hidden=\"true\">\n\t\t\t\t\t\t\t\t\t\t\t\t\t\t\t<span class=\"elementor-toggle-icon-closed\"><svg xmlns=\"http:\/\/www.w3.org\/2000\/svg\" width=\"16.14\" height=\"16.14\" viewBox=\"0 0 16.14 16.14\"><g transform=\"translate(-61.898 -1308.345)\"><path d=\"M-2994.032,1308.345v16.14\" transform=\"translate(3064)\" fill=\"none\" stroke=\"#000\" stroke-width=\"1\"><\/path><path d=\"M-2994.032,1308.345v16.14\" transform=\"translate(1386.383 4310.448) rotate(90)\" fill=\"none\" stroke=\"#000\" stroke-width=\"1\"><\/path><\/g><\/svg><\/span>\n\t\t\t\t\t\t\t\t<span class=\"elementor-toggle-icon-opened\"><svg xmlns=\"http:\/\/www.w3.org\/2000\/svg\" width=\"16.14\" height=\"1\" viewBox=\"0 0 16.14 1\"><g transform=\"translate(-61.898 -1315.916)\"><path d=\"M-2994.032,1308.345v16.14\" transform=\"translate(1386.383 4310.448) rotate(90)\" fill=\"none\" stroke=\"#000\" stroke-width=\"1\"><\/path><\/g><\/svg><\/span>\n\t\t\t\t\t\t\t\t\t\t\t\t\t<\/span>\n\t\t\t\t\t\t\t\t\t\t\t\t<a class=\"elementor-toggle-title\" tabindex=\"0\">Was sind die Vorteile der Betonveredelung?<\/a>\n\t\t\t\t\t<\/div>\n\n\t\t\t\t\t<div id=\"elementor-tab-content-1641\" class=\"elementor-tab-content elementor-clearfix\" data-tab=\"1\" role=\"region\" aria-labelledby=\"elementor-tab-title-1641\"><ul><li>Verfestigung der Oberfl\u00e4chenstruktur<\/li><li>verringert Schmutz- und Wassereintritt in die Betonoberfl\u00e4che<\/li><li>verringert das Eindringen von Fl\u00fcssigkeiten in die Betonoberfl\u00e4che<\/li><li>H\u00f6here Abriebsfestigkeit<\/li><li>Erh\u00f6hter Widerstand gegen Eindringen von Chloriden<\/li><li>staubfrei<\/li><li>reinigungsfreundlicher<\/li><li>Die Produkte sind wasserdampfdiffusionsdurchl\u00e4ssig und schaden somit nicht der Betonoberfl\u00e4che<\/li><\/ul><\/div>\n\t\t\t\t<\/div>\n\t\t\t\t\t\t\t<div class=\"elementor-toggle-item\">\n\t\t\t\t\t<div id=\"elementor-tab-title-1642\" class=\"elementor-tab-title\" data-tab=\"2\" role=\"button\" aria-controls=\"elementor-tab-content-1642\" aria-expanded=\"false\">\n\t\t\t\t\t\t\t\t\t\t\t\t<span class=\"elementor-toggle-icon elementor-toggle-icon-right\" aria-hidden=\"true\">\n\t\t\t\t\t\t\t\t\t\t\t\t\t\t\t<span class=\"elementor-toggle-icon-closed\"><svg xmlns=\"http:\/\/www.w3.org\/2000\/svg\" width=\"16.14\" height=\"16.14\" viewBox=\"0 0 16.14 16.14\"><g transform=\"translate(-61.898 -1308.345)\"><path d=\"M-2994.032,1308.345v16.14\" transform=\"translate(3064)\" fill=\"none\" stroke=\"#000\" stroke-width=\"1\"><\/path><path d=\"M-2994.032,1308.345v16.14\" transform=\"translate(1386.383 4310.448) rotate(90)\" fill=\"none\" stroke=\"#000\" stroke-width=\"1\"><\/path><\/g><\/svg><\/span>\n\t\t\t\t\t\t\t\t<span class=\"elementor-toggle-icon-opened\"><svg xmlns=\"http:\/\/www.w3.org\/2000\/svg\" width=\"16.14\" height=\"1\" viewBox=\"0 0 16.14 1\"><g transform=\"translate(-61.898 -1315.916)\"><path d=\"M-2994.032,1308.345v16.14\" transform=\"translate(1386.383 4310.448) rotate(90)\" fill=\"none\" stroke=\"#000\" stroke-width=\"1\"><\/path><\/g><\/svg><\/span>\n\t\t\t\t\t\t\t\t\t\t\t\t\t<\/span>\n\t\t\t\t\t\t\t\t\t\t\t\t<a class=\"elementor-toggle-title\" tabindex=\"0\">Wo findet die Betonveredelung seine Anwendung?<\/a>\n\t\t\t\t\t<\/div>\n\n\t\t\t\t\t<div id=\"elementor-tab-content-1642\" class=\"elementor-tab-content elementor-clearfix\" data-tab=\"2\" role=\"region\" aria-labelledby=\"elementor-tab-title-1642\"><ul><li>Fusswege<\/li><li>Sitzpl\u00e4tze<\/li><li>Wandbereiche<\/li><li>Infrastrukturbauten wie Unterf\u00fchrungen, Bord\u00fcren, Sockelmauern, St\u00fctzw\u00e4nden, Br\u00fcckenpfeiler<\/li><li>Betontreppen<\/li><li>Balkone<\/li><\/ul><\/div>\n\t\t\t\t<\/div>\n\t\t\t\t\t\t\t<div class=\"elementor-toggle-item\">\n\t\t\t\t\t<div id=\"elementor-tab-title-1643\" class=\"elementor-tab-title\" data-tab=\"3\" role=\"button\" aria-controls=\"elementor-tab-content-1643\" aria-expanded=\"false\">\n\t\t\t\t\t\t\t\t\t\t\t\t<span class=\"elementor-toggle-icon elementor-toggle-icon-right\" aria-hidden=\"true\">\n\t\t\t\t\t\t\t\t\t\t\t\t\t\t\t<span class=\"elementor-toggle-icon-closed\"><svg xmlns=\"http:\/\/www.w3.org\/2000\/svg\" width=\"16.14\" height=\"16.14\" viewBox=\"0 0 16.14 16.14\"><g transform=\"translate(-61.898 -1308.345)\"><path d=\"M-2994.032,1308.345v16.14\" transform=\"translate(3064)\" fill=\"none\" stroke=\"#000\" stroke-width=\"1\"><\/path><path d=\"M-2994.032,1308.345v16.14\" transform=\"translate(1386.383 4310.448) rotate(90)\" fill=\"none\" stroke=\"#000\" stroke-width=\"1\"><\/path><\/g><\/svg><\/span>\n\t\t\t\t\t\t\t\t<span class=\"elementor-toggle-icon-opened\"><svg xmlns=\"http:\/\/www.w3.org\/2000\/svg\" width=\"16.14\" height=\"1\" viewBox=\"0 0 16.14 1\"><g transform=\"translate(-61.898 -1315.916)\"><path d=\"M-2994.032,1308.345v16.14\" transform=\"translate(1386.383 4310.448) rotate(90)\" fill=\"none\" stroke=\"#000\" stroke-width=\"1\"><\/path><\/g><\/svg><\/span>\n\t\t\t\t\t\t\t\t\t\t\t\t\t<\/span>\n\t\t\t\t\t\t\t\t\t\t\t\t<a class=\"elementor-toggle-title\" tabindex=\"0\">Anwendung von Betonveredelung<\/a>\n\t\t\t\t\t<\/div>\n\n\t\t\t\t\t<div id=\"elementor-tab-content-1643\" class=\"elementor-tab-content elementor-clearfix\" data-tab=\"3\" role=\"region\" aria-labelledby=\"elementor-tab-title-1643\"><p>Am besten l\u00e4sst sich die Betonveredelung nach Stockarbeiten (siehe hierzu <span style=\"text-decoration: underline;\"><span style=\"color: #000000; text-decoration: underline;\"><a style=\"color: #000000; text-decoration: underline;\" href=\"https:\/\/pegrila.ch\/betonoberflaechenbearbeitung\/\">Betonoberfl\u00e4chenbearbeitung<\/a><\/span><\/span>) oder auf Sandgestrahlten Oberfl\u00e4chen anwenden.<\/p><p>F\u00fcr eine optimal sandgestrahlte Oberfl\u00e4che k\u00f6nnen wir besten Gewissens unseren langj\u00e4hrigen Partner Minova empfehlen: <span style=\"text-decoration: underline;\"><span style=\"color: #000000;\"><a style=\"color: #000000; text-decoration: underline;\" href=\"http:\/\/www.minova-kugelstrahlen.ch\" target=\"_blank\" rel=\"noopener\">www.minova-kugelstrahlen.ch<\/a><\/span><\/span><\/p><p>Wir bieten die Betonveredelung bis zu einer Fl\u00e4che von 1&#8217;000 m<sup>2<\/sup> an. F\u00fcr eine gr\u00f6ssere Fl\u00e4che empfehlen wir Ihnen mit besten Gewissen unsern langj\u00e4hrigen Partner Prima-Sol AG: <span style=\"text-decoration: underline;\"><span style=\"color: #000000;\"><a style=\"color: #000000; text-decoration: underline;\" href=\"http:\/\/www.prima-sol.ch\" target=\"_blank\" rel=\"noopener\">www.prima-sol.ch<\/a><\/span><\/span><\/p><\/div>\n\t\t\t\t<\/div>\n\t\t\t\t\t\t\t\t<\/div>\n\t\t\t\t\t\t<\/div>\n\t\t\t\t<\/div>\n\t\t\t\t<\/div>\n\t\t\t\t\t<\/div>\n\t\t\t\t<\/div>\n\t\t<div class=\"elementor-element elementor-element-4426861 e-flex e-con-boxed e-con e-parent\" data-id=\"4426861\" data-element_type=\"container\">\n\t\t\t\t\t<div class=\"e-con-inner\">\n\t\t<div class=\"elementor-element elementor-element-70bfbb4 e-flex e-con-boxed e-con e-child\" data-id=\"70bfbb4\" data-element_type=\"container\">\n\t\t\t\t\t<div class=\"e-con-inner\">\n\t\t\t\t<div class=\"elementor-element elementor-element-2d750b9 elementor-widget elementor-widget-text-editor\" data-id=\"2d750b9\" data-element_type=\"widget\" data-widget_type=\"text-editor.default\">\n\t\t\t\t<div class=\"elementor-widget-container\">\n\t\t\t\t\t\t\t\t\t<p>\t\t<div data-elementor-type=\"section\" data-elementor-id=\"288\" class=\"elementor elementor-288\" data-elementor-post-type=\"elementor_library\">\n\t\t\t<div class=\"elementor-element elementor-element-0b802c4 e-flex e-con-boxed e-con e-parent\" data-id=\"0b802c4\" data-element_type=\"container\">\n\t\t\t\t\t<div class=\"e-con-inner\">\n\t\t<div class=\"elementor-element elementor-element-2f3bab1 e-flex e-con-boxed e-con e-child\" data-id=\"2f3bab1\" data-element_type=\"container\" data-settings=\"{&quot;background_background&quot;:&quot;classic&quot;}\">\n\t\t\t\t\t<div class=\"e-con-inner\">\n\t\t\t\t<div class=\"elementor-element elementor-element-73dd22b elementor-widget elementor-widget-heading\" data-id=\"73dd22b\" data-element_type=\"widget\" data-widget_type=\"heading.default\">\n\t\t\t\t<div class=\"elementor-widget-container\">\n\t\t\t\t\t<h2 class=\"elementor-heading-title elementor-size-default\">D\u00fcrfen wir bald auch f\u00fcr Sie am Werk sein? <\/h2>\t\t\t\t<\/div>\n\t\t\t\t<\/div>\n\t\t\t\t\t<\/div>\n\t\t\t\t<\/div>\n\t\t<div class=\"elementor-element elementor-element-8e5d39c e-flex e-con-boxed e-con e-child\" data-id=\"8e5d39c\" data-element_type=\"container\" data-settings=\"{&quot;background_background&quot;:&quot;classic&quot;}\">\n\t\t\t\t\t<div class=\"e-con-inner\">\n\t\t<div class=\"elementor-element elementor-element-e9c8340 e-flex e-con-boxed e-con e-child\" data-id=\"e9c8340\" data-element_type=\"container\">\n\t\t\t\t\t<div class=\"e-con-inner\">\n\t\t\t\t<div class=\"elementor-element elementor-element-24d62bb elementor-widget elementor-widget-heading\" data-id=\"24d62bb\" data-element_type=\"widget\" data-widget_type=\"heading.default\">\n\t\t\t\t<div class=\"elementor-widget-container\">\n\t\t\t\t\t<h2 class=\"elementor-heading-title elementor-size-default\">Kontakt:<\/h2>\t\t\t\t<\/div>\n\t\t\t\t<\/div>\n\t\t\t\t<div class=\"elementor-element elementor-element-446ac32 elementor-icon-list--layout-traditional elementor-list-item-link-full_width elementor-widget elementor-widget-icon-list\" data-id=\"446ac32\" data-element_type=\"widget\" data-widget_type=\"icon-list.default\">\n\t\t\t\t<div class=\"elementor-widget-container\">\n\t\t\t\t\t\t\t<ul class=\"elementor-icon-list-items\">\n\t\t\t\t\t\t\t<li class=\"elementor-icon-list-item\">\n\t\t\t\t\t\t\t\t\t\t\t<a href=\"tel:+41317402424\">\n\n\t\t\t\t\t\t\t\t\t\t\t\t<span class=\"elementor-icon-list-icon\">\n\t\t\t\t\t\t\t<svg xmlns=\"http:\/\/www.w3.org\/2000\/svg\" width=\"39.977\" height=\"40.755\" viewBox=\"0 0 39.977 40.755\"><g id=\"noun-phone-6185096\" transform=\"translate(-3.073 -2.487)\"><path id=\"Pfad_13\" data-name=\"Pfad 13\" d=\"M41.493,34.34a3.183,3.183,0,0,0-1.47-2.13L34.1,28.631a3.165,3.165,0,0,0-3.822.431L27.863,31.4c-.169.027-1.186.088-4.085-2.022-3.058-2-9.116-8.691-9.073-11.595l2.42-2.339a3.149,3.149,0,0,0,.56-3.8L14.307,5.6a3.168,3.168,0,0,0-4.611-1L7.168,6.46a6.3,6.3,0,0,0-2.6,5.089,30.414,30.414,0,0,0,8.763,20.722,30.38,30.38,0,0,0,20.412,9.464,6.3,6.3,0,0,0,5.177-2.42l1.941-2.46a3.174,3.174,0,0,0,.627-2.514Z\" transform=\"translate(0 0)\" fill=\"none\" stroke=\"#000\" stroke-width=\"3\"><\/path><\/g><\/svg>\t\t\t\t\t\t<\/span>\n\t\t\t\t\t\t\t\t\t\t<span class=\"elementor-icon-list-text\">031 740 24 24<\/span>\n\t\t\t\t\t\t\t\t\t\t\t<\/a>\n\t\t\t\t\t\t\t\t\t<\/li>\n\t\t\t\t\t\t\t\t<li class=\"elementor-icon-list-item\">\n\t\t\t\t\t\t\t\t\t\t\t<a href=\"mailto:info@pegrila.ch\">\n\n\t\t\t\t\t\t\t\t\t\t\t\t<span class=\"elementor-icon-list-icon\">\n\t\t\t\t\t\t\t<i aria-hidden=\"true\" class=\"far fa-envelope\"><\/i>\t\t\t\t\t\t<\/span>\n\t\t\t\t\t\t\t\t\t\t<span class=\"elementor-icon-list-text\"> info@pegrila.ch<\/span>\n\t\t\t\t\t\t\t\t\t\t\t<\/a>\n\t\t\t\t\t\t\t\t\t<\/li>\n\t\t\t\t\t\t<\/ul>\n\t\t\t\t\t\t<\/div>\n\t\t\t\t<\/div>\n\t\t\t\t<div class=\"elementor-element elementor-element-d797c51 elementor-widget elementor-widget-button\" data-id=\"d797c51\" data-element_type=\"widget\" data-widget_type=\"button.default\">\n\t\t\t\t<div class=\"elementor-widget-container\">\n\t\t\t\t\t\t\t\t\t<div class=\"elementor-button-wrapper\">\n\t\t\t\t\t<a class=\"elementor-button elementor-button-link elementor-size-sm\" href=\"#elementor-action%3Aaction%3Dpopup%3Aopen%26settings%3DeyJpZCI6IjEzNzEiLCJ0b2dnbGUiOmZhbHNlfQ%3D%3D\">\n\t\t\t\t\t\t<span class=\"elementor-button-content-wrapper\">\n\t\t\t\t\t\t<span class=\"elementor-button-icon\">\n\t\t\t\t<i aria-hidden=\"true\" class=\"fab fa-wpforms\"><\/i>\t\t\t<\/span>\n\t\t\t\t\t\t\t\t\t<span class=\"elementor-button-text\">Kontaktformular<\/span>\n\t\t\t\t\t<\/span>\n\t\t\t\t\t<\/a>\n\t\t\t\t<\/div>\n\t\t\t\t\t\t\t\t<\/div>\n\t\t\t\t<\/div>\n\t\t\t\t\t<\/div>\n\t\t\t\t<\/div>\n\t\t<div class=\"elementor-element elementor-element-44bf3e5 e-flex e-con-boxed e-con e-child\" data-id=\"44bf3e5\" data-element_type=\"container\">\n\t\t\t\t\t<div class=\"e-con-inner\">\n\t\t\t\t<div class=\"elementor-element elementor-element-9e30dee elementor-widget elementor-widget-heading\" data-id=\"9e30dee\" data-element_type=\"widget\" data-widget_type=\"heading.default\">\n\t\t\t\t<div class=\"elementor-widget-container\">\n\t\t\t\t\t<h2 class=\"elementor-heading-title elementor-size-default\">Adresse:<\/h2>\t\t\t\t<\/div>\n\t\t\t\t<\/div>\n\t\t\t\t<div class=\"elementor-element elementor-element-61a41dc elementor-widget elementor-widget-heading\" data-id=\"61a41dc\" data-element_type=\"widget\" data-widget_type=\"heading.default\">\n\t\t\t\t<div class=\"elementor-widget-container\">\n\t\t\t\t\t<h6 class=\"elementor-heading-title elementor-size-default\">Hauptsitz<\/h6>\t\t\t\t<\/div>\n\t\t\t\t<\/div>\n\t\t\t\t<div class=\"elementor-element elementor-element-157ccb3 elementor-widget elementor-widget-text-editor\" data-id=\"157ccb3\" data-element_type=\"widget\" data-widget_type=\"text-editor.default\">\n\t\t\t\t<div class=\"elementor-widget-container\">\n\t\t\t\t\t\t\t\t\t<p>Pegrila AG<br \/>Giacomettistrasse 1<br \/>3006 Bern<\/p>\t\t\t\t\t\t\t\t<\/div>\n\t\t\t\t<\/div>\n\t\t\t\t<div class=\"elementor-element elementor-element-e0a2048 elementor-widget elementor-widget-heading\" data-id=\"e0a2048\" data-element_type=\"widget\" data-widget_type=\"heading.default\">\n\t\t\t\t<div class=\"elementor-widget-container\">\n\t\t\t\t\t<h6 class=\"elementor-heading-title elementor-size-default\">Werkhof- und Lieferadresse<\/h6>\t\t\t\t<\/div>\n\t\t\t\t<\/div>\n\t\t\t\t<div class=\"elementor-element elementor-element-0ad7670 elementor-widget elementor-widget-text-editor\" data-id=\"0ad7670\" data-element_type=\"widget\" data-widget_type=\"text-editor.default\">\n\t\t\t\t<div class=\"elementor-widget-container\">\n\t\t\t\t\t\t\t\t\t<p>Pegrila AG<br \/>Allmendstrasse 11<br \/>3210 Kerzers<\/p>\t\t\t\t\t\t\t\t<\/div>\n\t\t\t\t<\/div>\n\t\t\t\t\t<\/div>\n\t\t\t\t<\/div>\n\t\t<div class=\"elementor-element elementor-element-12983e9 e-flex e-con-boxed e-con e-child\" data-id=\"12983e9\" data-element_type=\"container\">\n\t\t\t\t\t<div class=\"e-con-inner\">\n\t\t\t\t<div class=\"elementor-element elementor-element-7120366 elementor-widget elementor-widget-heading\" data-id=\"7120366\" data-element_type=\"widget\" data-widget_type=\"heading.default\">\n\t\t\t\t<div class=\"elementor-widget-container\">\n\t\t\t\t\t<h2 class=\"elementor-heading-title elementor-size-default\">\u00d6ffnungszeiten:<\/h2>\t\t\t\t<\/div>\n\t\t\t\t<\/div>\n\t\t\t\t<div class=\"elementor-element elementor-element-2e0e424 elementor-widget elementor-widget-text-editor\" data-id=\"2e0e424\" data-element_type=\"widget\" data-widget_type=\"text-editor.default\">\n\t\t\t\t<div class=\"elementor-widget-container\">\n\t\t\t\t\t\t\t\t\t<table dir=\"ltr\" border=\"1\" cellspacing=\"0\" cellpadding=\"0\"><colgroup> <col width=\"185\" \/> <col width=\"100\" \/><\/colgroup><tbody><tr><td data-sheets-value=\"{&quot;1&quot;:2,&quot;2&quot;:&quot;Montag bis Donnerstag&quot;}\">Montag bis Donnerstag<\/td><td data-sheets-value=\"{&quot;1&quot;:2,&quot;2&quot;:&quot;07:30 - 12:00 13:00 - 17:00&quot;}\"><div><div>07:30 &#8211; 12:00<\/div><div>13:00 &#8211; 17:00<\/div><\/div><\/td><\/tr><tr><td data-sheets-value=\"{&quot;1&quot;:2,&quot;2&quot;:&quot;Freitag&quot;}\">Freitag<\/td><td data-sheets-value=\"{&quot;1&quot;:2,&quot;2&quot;:&quot;07:00 - 12:00 13:00 - 16:30&quot;}\"><div><div>07:00 &#8211; 12:00<\/div><div>13:00 &#8211; 16:30<\/div><\/div><\/td><\/tr><tr><td data-sheets-value=\"{&quot;1&quot;:2,&quot;2&quot;:&quot;Samstag &amp; Sonntag&quot;}\">Samstag &amp; Sonntag<\/td><td data-sheets-value=\"{&quot;1&quot;:2,&quot;2&quot;:&quot;Geschlossen&quot;}\">Geschlossen<\/td><\/tr><\/tbody><\/table>\t\t\t\t\t\t\t\t<\/div>\n\t\t\t\t<\/div>\n\t\t\t\t\t<\/div>\n\t\t\t\t<\/div>\n\t\t\t\t\t<\/div>\n\t\t\t\t<\/div>\n\t\t\t\t\t<\/div>\n\t\t\t\t<\/div>\n\t\t\t\t<\/div>\n\t\t<\/p>\t\t\t\t\t\t\t\t<\/div>\n\t\t\t\t<\/div>\n\t\t\t\t\t<\/div>\n\t\t\t\t<\/div>\n\t\t\t\t\t<\/div>\n\t\t\t\t<\/div>\n\t\t\t\t<\/div>\n\t\t","protected":false},"excerpt":{"rendered":"<p>Betonveredelung Bei der Betonveredelung wird durch das Aufbringen von bestimmten Produkten das optische Erscheinungsbild des Betons ver\u00e4ndert und der Widerstand gegen\u00fcber chemischen Einfl\u00fcssen sowie der Kapillarwirkung positiv beeinflusst. Die meistens auf Silikat basierenden Produkten, die auf die Betonoberfl\u00e4che aufgespr\u00fcht werden, wirken impr\u00e4gnierend. Dieser Arbeitsschritt dient als Verschmutzungsschutz, weil die mit Zement gebundene Oberfl\u00e4chen ohne solch [&hellip;]<\/p>\n","protected":false},"author":1,"featured_media":1961,"parent":25,"menu_order":0,"comment_status":"closed","ping_status":"closed","template":"","meta":{"_acf_changed":false,"footnotes":""},"class_list":["post-1947","page","type-page","status-publish","has-post-thumbnail","hentry"],"acf":[],"_links":{"self":[{"href":"https:\/\/pegrila.ch\/de\/wp-json\/wp\/v2\/pages\/1947","targetHints":{"allow":["GET"]}}],"collection":[{"href":"https:\/\/pegrila.ch\/de\/wp-json\/wp\/v2\/pages"}],"about":[{"href":"https:\/\/pegrila.ch\/de\/wp-json\/wp\/v2\/types\/page"}],"author":[{"embeddable":true,"href":"https:\/\/pegrila.ch\/de\/wp-json\/wp\/v2\/users\/1"}],"replies":[{"embeddable":true,"href":"https:\/\/pegrila.ch\/de\/wp-json\/wp\/v2\/comments?post=1947"}],"version-history":[{"count":0,"href":"https:\/\/pegrila.ch\/de\/wp-json\/wp\/v2\/pages\/1947\/revisions"}],"up":[{"embeddable":true,"href":"https:\/\/pegrila.ch\/de\/wp-json\/wp\/v2\/pages\/25"}],"wp:featuredmedia":[{"embeddable":true,"href":"https:\/\/pegrila.ch\/de\/wp-json\/wp\/v2\/media\/1961"}],"wp:attachment":[{"href":"https:\/\/pegrila.ch\/de\/wp-json\/wp\/v2\/media?parent=1947"}],"curies":[{"name":"wp","href":"https:\/\/api.w.org\/{rel}","templated":true}]}}