{"id":1105,"date":"2024-01-18T16:10:29","date_gmt":"2024-01-18T15:10:29","guid":{"rendered":"https:\/\/pegrila.ch\/?page_id=1105"},"modified":"2026-03-18T07:05:13","modified_gmt":"2026-03-18T06:05:13","slug":"team","status":"publish","type":"page","link":"https:\/\/pegrila.ch\/de\/team\/","title":{"rendered":"Team"},"content":{"rendered":"\t\t<div data-elementor-type=\"wp-page\" data-elementor-id=\"1105\" class=\"elementor elementor-1105\" data-elementor-post-type=\"page\">\n\t\t\t\t<div class=\"elementor-element elementor-element-4e4e22a e-flex e-con-boxed e-con e-parent\" data-id=\"4e4e22a\" data-element_type=\"container\" data-settings=\"{&quot;background_background&quot;:&quot;classic&quot;}\">\n\t\t\t\t\t<div class=\"e-con-inner\">\n\t\t<div class=\"elementor-element elementor-element-b0b23ab e-con-full e-flex e-con e-child\" data-id=\"b0b23ab\" data-element_type=\"container\">\n\t\t\t\t<div class=\"elementor-element elementor-element-ca0fcbb breadcrumbs elementor-widget elementor-widget-text-editor\" data-id=\"ca0fcbb\" data-element_type=\"widget\" data-widget_type=\"text-editor.default\">\n\t\t\t\t<div class=\"elementor-widget-container\">\n\t\t\t\t\t\t\t\t\t<p><nav aria-label=\"breadcrumbs\" class=\"rank-math-breadcrumb\"><p><span class=\"last\">Startseite<\/span><\/p><\/nav><\/p>\t\t\t\t\t\t\t\t<\/div>\n\t\t\t\t<\/div>\n\t\t\t\t<div class=\"elementor-element elementor-element-304e8b8 elementor-widget elementor-widget-heading\" data-id=\"304e8b8\" data-element_type=\"widget\" data-widget_type=\"heading.default\">\n\t\t\t\t<div class=\"elementor-widget-container\">\n\t\t\t\t\t<h1 class=\"elementor-heading-title elementor-size-default\">Ansprechpartner<\/h1>\t\t\t\t<\/div>\n\t\t\t\t<\/div>\n\t\t\t\t<div class=\"elementor-element elementor-element-141597e elementor-widget elementor-widget-spacer\" data-id=\"141597e\" data-element_type=\"widget\" data-widget_type=\"spacer.default\">\n\t\t\t\t<div class=\"elementor-widget-container\">\n\t\t\t\t\t\t\t<div class=\"elementor-spacer\">\n\t\t\t<div class=\"elementor-spacer-inner\"><\/div>\n\t\t<\/div>\n\t\t\t\t\t\t<\/div>\n\t\t\t\t<\/div>\n\t\t\t\t<\/div>\n\t\t<div class=\"elementor-element elementor-element-b085cfa e-flex e-con-boxed e-con e-child\" data-id=\"b085cfa\" data-element_type=\"container\" data-settings=\"{&quot;background_background&quot;:&quot;classic&quot;}\">\n\t\t\t\t\t<div class=\"e-con-inner\">\n\t\t<div class=\"elementor-element elementor-element-0e6ea9d e-con-full e-flex e-con e-child\" data-id=\"0e6ea9d\" data-element_type=\"container\">\n\t\t\t\t<div class=\"elementor-element elementor-element-afb64fb elementor-widget elementor-widget-image\" data-id=\"afb64fb\" data-element_type=\"widget\" data-widget_type=\"image.default\">\n\t\t\t\t<div class=\"elementor-widget-container\">\n\t\t\t\t\t\t\t\t\t\t\t\t\t\t\t\t<a href=\"mailto:alexander.berger@pegrila.ch\">\n\t\t\t\t\t\t\t<img fetchpriority=\"high\" decoding=\"async\" width=\"800\" height=\"892\" src=\"https:\/\/pegrila.ch\/wp-content\/uploads\/2024\/05\/Alexander-Berger-918x1024.jpg\" class=\"attachment-large size-large wp-image-1590\" alt=\"\" srcset=\"https:\/\/pegrila.ch\/wp-content\/uploads\/2024\/05\/Alexander-Berger-918x1024.jpg 918w, https:\/\/pegrila.ch\/wp-content\/uploads\/2024\/05\/Alexander-Berger-269x300.jpg 269w, https:\/\/pegrila.ch\/wp-content\/uploads\/2024\/05\/Alexander-Berger-768x857.jpg 768w, https:\/\/pegrila.ch\/wp-content\/uploads\/2024\/05\/Alexander-Berger-1376x1536.jpg 1376w, https:\/\/pegrila.ch\/wp-content\/uploads\/2024\/05\/Alexander-Berger-11x12.jpg 11w, https:\/\/pegrila.ch\/wp-content\/uploads\/2024\/05\/Alexander-Berger.jpg 1500w\" sizes=\"(max-width: 800px) 100vw, 800px\" \/>\t\t\t\t\t\t\t\t<\/a>\n\t\t\t\t\t\t\t\t\t\t\t\t\t\t\t<\/div>\n\t\t\t\t<\/div>\n\t\t\t\t<div class=\"elementor-element elementor-element-53a6e9e elementor-widget elementor-widget-heading\" data-id=\"53a6e9e\" data-element_type=\"widget\" data-widget_type=\"heading.default\">\n\t\t\t\t<div class=\"elementor-widget-container\">\n\t\t\t\t\t<h2 class=\"elementor-heading-title elementor-size-default\">Alexander Berger<\/h2>\t\t\t\t<\/div>\n\t\t\t\t<\/div>\n\t\t\t\t<div class=\"elementor-element elementor-element-37d6cd9 elementor-widget elementor-widget-heading\" data-id=\"37d6cd9\" data-element_type=\"widget\" data-widget_type=\"heading.default\">\n\t\t\t\t<div class=\"elementor-widget-container\">\n\t\t\t\t\t<span class=\"elementor-heading-title elementor-size-default\">Gesch\u00e4ftsf\u00fchrer<\/span>\t\t\t\t<\/div>\n\t\t\t\t<\/div>\n\t\t\t\t<div class=\"elementor-element elementor-element-07efd4c elementor-widget elementor-widget-heading\" data-id=\"07efd4c\" data-element_type=\"widget\" data-widget_type=\"heading.default\">\n\t\t\t\t<div class=\"elementor-widget-container\">\n\t\t\t\t\t<span class=\"elementor-heading-title elementor-size-default\"><a href=\"tel:0041317402421\">031 740 24 21<\/a><\/span>\t\t\t\t<\/div>\n\t\t\t\t<\/div>\n\t\t\t\t<div class=\"elementor-element elementor-element-cab03ff elementor-widget elementor-widget-heading\" data-id=\"cab03ff\" data-element_type=\"widget\" data-widget_type=\"heading.default\">\n\t\t\t\t<div class=\"elementor-widget-container\">\n\t\t\t\t\t<span class=\"elementor-heading-title elementor-size-default\"><a href=\"mailto:alexander.berger@pegrila.ch\">alexander.berger@pegrila.ch<\/a><\/span>\t\t\t\t<\/div>\n\t\t\t\t<\/div>\n\t\t\t\t<\/div>\n\t\t<div class=\"elementor-element elementor-element-cb08608 e-flex e-con-boxed e-con e-child\" data-id=\"cb08608\" data-element_type=\"container\">\n\t\t\t\t\t<div class=\"e-con-inner\">\n\t\t\t\t<div class=\"elementor-element elementor-element-cf12b10 elementor-widget elementor-widget-image\" data-id=\"cf12b10\" data-element_type=\"widget\" data-widget_type=\"image.default\">\n\t\t\t\t<div class=\"elementor-widget-container\">\n\t\t\t\t\t\t\t\t\t\t\t\t\t\t\t\t<a href=\"mailto:arnold.krall@pegrila.ch\">\n\t\t\t\t\t\t\t<img decoding=\"async\" width=\"800\" height=\"892\" src=\"https:\/\/pegrila.ch\/wp-content\/uploads\/2024\/05\/Arnold-Krall-918x1024.jpg\" class=\"attachment-large size-large wp-image-1591\" alt=\"\" srcset=\"https:\/\/pegrila.ch\/wp-content\/uploads\/2024\/05\/Arnold-Krall-918x1024.jpg 918w, https:\/\/pegrila.ch\/wp-content\/uploads\/2024\/05\/Arnold-Krall-269x300.jpg 269w, https:\/\/pegrila.ch\/wp-content\/uploads\/2024\/05\/Arnold-Krall-768x857.jpg 768w, https:\/\/pegrila.ch\/wp-content\/uploads\/2024\/05\/Arnold-Krall-1376x1536.jpg 1376w, https:\/\/pegrila.ch\/wp-content\/uploads\/2024\/05\/Arnold-Krall-11x12.jpg 11w, https:\/\/pegrila.ch\/wp-content\/uploads\/2024\/05\/Arnold-Krall.jpg 1500w\" sizes=\"(max-width: 800px) 100vw, 800px\" \/>\t\t\t\t\t\t\t\t<\/a>\n\t\t\t\t\t\t\t\t\t\t\t\t\t\t\t<\/div>\n\t\t\t\t<\/div>\n\t\t\t\t<div class=\"elementor-element elementor-element-44438ea elementor-widget elementor-widget-heading\" data-id=\"44438ea\" data-element_type=\"widget\" data-widget_type=\"heading.default\">\n\t\t\t\t<div class=\"elementor-widget-container\">\n\t\t\t\t\t<h2 class=\"elementor-heading-title elementor-size-default\">Arnold Krall<\/h2>\t\t\t\t<\/div>\n\t\t\t\t<\/div>\n\t\t\t\t<div class=\"elementor-element elementor-element-9fabfe7 elementor-widget elementor-widget-heading\" data-id=\"9fabfe7\" data-element_type=\"widget\" data-widget_type=\"heading.default\">\n\t\t\t\t<div class=\"elementor-widget-container\">\n\t\t\t\t\t<span class=\"elementor-heading-title elementor-size-default\">Stv. Gesch\u00e4ftsf\u00fchrer<\/span>\t\t\t\t<\/div>\n\t\t\t\t<\/div>\n\t\t\t\t<div class=\"elementor-element elementor-element-29c4437 elementor-widget elementor-widget-heading\" data-id=\"29c4437\" data-element_type=\"widget\" data-widget_type=\"heading.default\">\n\t\t\t\t<div class=\"elementor-widget-container\">\n\t\t\t\t\t<span class=\"elementor-heading-title elementor-size-default\"><a href=\"tel:0041317402425\">031 740 24 25<\/a><\/span>\t\t\t\t<\/div>\n\t\t\t\t<\/div>\n\t\t\t\t<div class=\"elementor-element elementor-element-d1aeb00 elementor-widget elementor-widget-heading\" data-id=\"d1aeb00\" data-element_type=\"widget\" data-widget_type=\"heading.default\">\n\t\t\t\t<div class=\"elementor-widget-container\">\n\t\t\t\t\t<span class=\"elementor-heading-title elementor-size-default\"><a href=\"mailto:arnold.krall@pegrila.ch\">arnold.krall@pegrila.ch<\/a><\/span>\t\t\t\t<\/div>\n\t\t\t\t<\/div>\n\t\t\t\t\t<\/div>\n\t\t\t\t<\/div>\n\t\t<div class=\"elementor-element elementor-element-25bf27c e-flex e-con-boxed e-con e-child\" data-id=\"25bf27c\" data-element_type=\"container\">\n\t\t\t\t\t<div class=\"e-con-inner\">\n\t\t\t\t<div class=\"elementor-element elementor-element-d449686 elementor-widget elementor-widget-image\" data-id=\"d449686\" data-element_type=\"widget\" data-widget_type=\"image.default\">\n\t\t\t\t<div class=\"elementor-widget-container\">\n\t\t\t\t\t\t\t\t\t\t\t\t\t\t\t\t<a href=\"mailto:gianella.bachis@pegrila.ch\">\n\t\t\t\t\t\t\t<img decoding=\"async\" width=\"800\" height=\"892\" src=\"https:\/\/pegrila.ch\/wp-content\/uploads\/2024\/06\/gdfgcvbzf-918x1024.jpg\" class=\"attachment-large size-large wp-image-2318\" alt=\"\" srcset=\"https:\/\/pegrila.ch\/wp-content\/uploads\/2024\/06\/gdfgcvbzf-918x1024.jpg 918w, https:\/\/pegrila.ch\/wp-content\/uploads\/2024\/06\/gdfgcvbzf-269x300.jpg 269w, https:\/\/pegrila.ch\/wp-content\/uploads\/2024\/06\/gdfgcvbzf-768x857.jpg 768w, https:\/\/pegrila.ch\/wp-content\/uploads\/2024\/06\/gdfgcvbzf-1376x1536.jpg 1376w, https:\/\/pegrila.ch\/wp-content\/uploads\/2024\/06\/gdfgcvbzf-11x12.jpg 11w, https:\/\/pegrila.ch\/wp-content\/uploads\/2024\/06\/gdfgcvbzf.jpg 1500w\" sizes=\"(max-width: 800px) 100vw, 800px\" \/>\t\t\t\t\t\t\t\t<\/a>\n\t\t\t\t\t\t\t\t\t\t\t\t\t\t\t<\/div>\n\t\t\t\t<\/div>\n\t\t\t\t<div class=\"elementor-element elementor-element-04a1b5e elementor-widget elementor-widget-heading\" data-id=\"04a1b5e\" data-element_type=\"widget\" data-widget_type=\"heading.default\">\n\t\t\t\t<div class=\"elementor-widget-container\">\n\t\t\t\t\t<h2 class=\"elementor-heading-title elementor-size-default\">Gianella Bachis<\/h2>\t\t\t\t<\/div>\n\t\t\t\t<\/div>\n\t\t\t\t<div class=\"elementor-element elementor-element-7c6abf5 elementor-widget elementor-widget-heading\" data-id=\"7c6abf5\" data-element_type=\"widget\" data-widget_type=\"heading.default\">\n\t\t\t\t<div class=\"elementor-widget-container\">\n\t\t\t\t\t<span class=\"elementor-heading-title elementor-size-default\">Technische Mitarbeiterin<\/span>\t\t\t\t<\/div>\n\t\t\t\t<\/div>\n\t\t\t\t<div class=\"elementor-element elementor-element-dfbcdb4 elementor-widget elementor-widget-heading\" data-id=\"dfbcdb4\" data-element_type=\"widget\" data-widget_type=\"heading.default\">\n\t\t\t\t<div class=\"elementor-widget-container\">\n\t\t\t\t\t<span class=\"elementor-heading-title elementor-size-default\"><a href=\"tel:0041317402429\">031 740 24 29<\/a><\/span>\t\t\t\t<\/div>\n\t\t\t\t<\/div>\n\t\t\t\t<div class=\"elementor-element elementor-element-056d7b4 elementor-widget elementor-widget-heading\" data-id=\"056d7b4\" data-element_type=\"widget\" data-widget_type=\"heading.default\">\n\t\t\t\t<div class=\"elementor-widget-container\">\n\t\t\t\t\t<span class=\"elementor-heading-title elementor-size-default\"><a href=\"mailto:gianella.bachis@pegrila.ch\">gianella.bachis@pegrila.ch<\/a><\/span>\t\t\t\t<\/div>\n\t\t\t\t<\/div>\n\t\t\t\t\t<\/div>\n\t\t\t\t<\/div>\n\t\t<div class=\"elementor-element elementor-element-98238c8 e-con-full e-flex e-con e-child\" data-id=\"98238c8\" data-element_type=\"container\">\n\t\t\t\t<div class=\"elementor-element elementor-element-5cb3db0 elementor-widget elementor-widget-image\" data-id=\"5cb3db0\" data-element_type=\"widget\" data-widget_type=\"image.default\">\n\t\t\t\t<div class=\"elementor-widget-container\">\n\t\t\t\t\t\t\t\t\t\t\t\t\t\t\t\t<a href=\"mailto:simon.wasserfallen@pegrila.ch\">\n\t\t\t\t\t\t\t<img loading=\"lazy\" decoding=\"async\" width=\"800\" height=\"892\" src=\"https:\/\/pegrila.ch\/wp-content\/uploads\/2024\/05\/Simon-Wasserfallen-918x1024.jpg\" class=\"attachment-large size-large wp-image-1583\" alt=\"\" srcset=\"https:\/\/pegrila.ch\/wp-content\/uploads\/2024\/05\/Simon-Wasserfallen-918x1024.jpg 918w, https:\/\/pegrila.ch\/wp-content\/uploads\/2024\/05\/Simon-Wasserfallen-269x300.jpg 269w, https:\/\/pegrila.ch\/wp-content\/uploads\/2024\/05\/Simon-Wasserfallen-768x857.jpg 768w, https:\/\/pegrila.ch\/wp-content\/uploads\/2024\/05\/Simon-Wasserfallen-1376x1536.jpg 1376w, https:\/\/pegrila.ch\/wp-content\/uploads\/2024\/05\/Simon-Wasserfallen-11x12.jpg 11w, https:\/\/pegrila.ch\/wp-content\/uploads\/2024\/05\/Simon-Wasserfallen.jpg 1500w\" sizes=\"(max-width: 800px) 100vw, 800px\" \/>\t\t\t\t\t\t\t\t<\/a>\n\t\t\t\t\t\t\t\t\t\t\t\t\t\t\t<\/div>\n\t\t\t\t<\/div>\n\t\t\t\t<div class=\"elementor-element elementor-element-714e456 elementor-widget elementor-widget-heading\" data-id=\"714e456\" data-element_type=\"widget\" data-widget_type=\"heading.default\">\n\t\t\t\t<div class=\"elementor-widget-container\">\n\t\t\t\t\t<h2 class=\"elementor-heading-title elementor-size-default\">Simon Wasserfallen<\/h2>\t\t\t\t<\/div>\n\t\t\t\t<\/div>\n\t\t\t\t<div class=\"elementor-element elementor-element-1f41b46 elementor-widget elementor-widget-heading\" data-id=\"1f41b46\" data-element_type=\"widget\" data-widget_type=\"heading.default\">\n\t\t\t\t<div class=\"elementor-widget-container\">\n\t\t\t\t\t<span class=\"elementor-heading-title elementor-size-default\">Gruppenf\u00fchrer \/ Projektavor<\/span>\t\t\t\t<\/div>\n\t\t\t\t<\/div>\n\t\t\t\t<div class=\"elementor-element elementor-element-dc67bf6 elementor-widget elementor-widget-heading\" data-id=\"dc67bf6\" data-element_type=\"widget\" data-widget_type=\"heading.default\">\n\t\t\t\t<div class=\"elementor-widget-container\">\n\t\t\t\t\t<span class=\"elementor-heading-title elementor-size-default\"><a href=\"tel:0041317402420%20\">031 740 24 20 <\/a><\/span>\t\t\t\t<\/div>\n\t\t\t\t<\/div>\n\t\t\t\t<div class=\"elementor-element elementor-element-168bf1a elementor-widget elementor-widget-heading\" data-id=\"168bf1a\" data-element_type=\"widget\" data-widget_type=\"heading.default\">\n\t\t\t\t<div class=\"elementor-widget-container\">\n\t\t\t\t\t<span class=\"elementor-heading-title elementor-size-default\"><a href=\"mailto:simon.wasserfallen@pegrila.ch\">simon.wasserfallen@pegrila.ch<\/a><\/span>\t\t\t\t<\/div>\n\t\t\t\t<\/div>\n\t\t\t\t<\/div>\n\t\t\t\t\t<\/div>\n\t\t\t\t<\/div>\n\t\t<div class=\"elementor-element elementor-element-27d9806 e-flex e-con-boxed e-con e-child\" data-id=\"27d9806\" data-element_type=\"container\" data-settings=\"{&quot;background_background&quot;:&quot;classic&quot;}\">\n\t\t\t\t\t<div class=\"e-con-inner\">\n\t\t<div class=\"elementor-element elementor-element-8355b09 e-flex e-con-boxed e-con e-child\" data-id=\"8355b09\" data-element_type=\"container\">\n\t\t\t\t\t<div class=\"e-con-inner\">\n\t\t\t\t<div class=\"elementor-element elementor-element-d14bb8c elementor-widget elementor-widget-image\" data-id=\"d14bb8c\" data-element_type=\"widget\" data-widget_type=\"image.default\">\n\t\t\t\t<div class=\"elementor-widget-container\">\n\t\t\t\t\t\t\t\t\t\t\t\t\t\t\t\t<a href=\"mailto:eugenie.kaufmann@pegrila.ch\">\n\t\t\t\t\t\t\t<img loading=\"lazy\" decoding=\"async\" width=\"800\" height=\"890\" src=\"https:\/\/pegrila.ch\/wp-content\/uploads\/2025\/10\/Eugenie-Kaufmann-920x1024.jpg\" class=\"attachment-large size-large wp-image-2977\" alt=\"\" srcset=\"https:\/\/pegrila.ch\/wp-content\/uploads\/2025\/10\/Eugenie-Kaufmann-920x1024.jpg 920w, https:\/\/pegrila.ch\/wp-content\/uploads\/2025\/10\/Eugenie-Kaufmann-270x300.jpg 270w, https:\/\/pegrila.ch\/wp-content\/uploads\/2025\/10\/Eugenie-Kaufmann-768x854.jpg 768w, https:\/\/pegrila.ch\/wp-content\/uploads\/2025\/10\/Eugenie-Kaufmann-1381x1536.jpg 1381w, https:\/\/pegrila.ch\/wp-content\/uploads\/2025\/10\/Eugenie-Kaufmann-1841x2048.jpg 1841w, https:\/\/pegrila.ch\/wp-content\/uploads\/2025\/10\/Eugenie-Kaufmann-11x12.jpg 11w\" sizes=\"(max-width: 800px) 100vw, 800px\" \/>\t\t\t\t\t\t\t\t<\/a>\n\t\t\t\t\t\t\t\t\t\t\t\t\t\t\t<\/div>\n\t\t\t\t<\/div>\n\t\t\t\t<div class=\"elementor-element elementor-element-47445a2 elementor-widget elementor-widget-heading\" data-id=\"47445a2\" data-element_type=\"widget\" data-widget_type=\"heading.default\">\n\t\t\t\t<div class=\"elementor-widget-container\">\n\t\t\t\t\t<h2 class=\"elementor-heading-title elementor-size-default\">Eugenie Kaufmann<\/h2>\t\t\t\t<\/div>\n\t\t\t\t<\/div>\n\t\t\t\t<div class=\"elementor-element elementor-element-cc04acb elementor-widget elementor-widget-heading\" data-id=\"cc04acb\" data-element_type=\"widget\" data-widget_type=\"heading.default\">\n\t\t\t\t<div class=\"elementor-widget-container\">\n\t\t\t\t\t<span class=\"elementor-heading-title elementor-size-default\">Assistentin Administration<\/span>\t\t\t\t<\/div>\n\t\t\t\t<\/div>\n\t\t\t\t<div class=\"elementor-element elementor-element-793cdbe elementor-widget elementor-widget-heading\" data-id=\"793cdbe\" data-element_type=\"widget\" data-widget_type=\"heading.default\">\n\t\t\t\t<div class=\"elementor-widget-container\">\n\t\t\t\t\t<span class=\"elementor-heading-title elementor-size-default\"><a href=\"tel:0041317402427\">031 740 24 27<\/a><\/span>\t\t\t\t<\/div>\n\t\t\t\t<\/div>\n\t\t\t\t<div class=\"elementor-element elementor-element-60bc6fa elementor-widget elementor-widget-heading\" data-id=\"60bc6fa\" data-element_type=\"widget\" data-widget_type=\"heading.default\">\n\t\t\t\t<div class=\"elementor-widget-container\">\n\t\t\t\t\t<span class=\"elementor-heading-title elementor-size-default\"><a href=\"mailto:eugenie.kaufmann@pegrila.ch\">eugenie.kaufmann@pegrila.ch<\/a><\/span>\t\t\t\t<\/div>\n\t\t\t\t<\/div>\n\t\t\t\t\t<\/div>\n\t\t\t\t<\/div>\n\t\t<div class=\"elementor-element elementor-element-167c6aa e-con-full e-flex e-con e-child\" data-id=\"167c6aa\" data-element_type=\"container\">\n\t\t\t\t<div class=\"elementor-element elementor-element-e107b6e elementor-widget elementor-widget-image\" data-id=\"e107b6e\" data-element_type=\"widget\" data-widget_type=\"image.default\">\n\t\t\t\t<div class=\"elementor-widget-container\">\n\t\t\t\t\t\t\t\t\t\t\t\t\t\t\t\t<a href=\"mailto:patrick.zimmermann@pegrila.ch\">\n\t\t\t\t\t\t\t<img loading=\"lazy\" decoding=\"async\" width=\"800\" height=\"892\" src=\"https:\/\/pegrila.ch\/wp-content\/uploads\/2024\/05\/Patrick-Zimmermann-918x1024.jpg\" class=\"attachment-large size-large wp-image-1585\" alt=\"\" srcset=\"https:\/\/pegrila.ch\/wp-content\/uploads\/2024\/05\/Patrick-Zimmermann-918x1024.jpg 918w, https:\/\/pegrila.ch\/wp-content\/uploads\/2024\/05\/Patrick-Zimmermann-269x300.jpg 269w, https:\/\/pegrila.ch\/wp-content\/uploads\/2024\/05\/Patrick-Zimmermann-768x857.jpg 768w, https:\/\/pegrila.ch\/wp-content\/uploads\/2024\/05\/Patrick-Zimmermann-1376x1536.jpg 1376w, https:\/\/pegrila.ch\/wp-content\/uploads\/2024\/05\/Patrick-Zimmermann-11x12.jpg 11w, https:\/\/pegrila.ch\/wp-content\/uploads\/2024\/05\/Patrick-Zimmermann.jpg 1500w\" sizes=\"(max-width: 800px) 100vw, 800px\" \/>\t\t\t\t\t\t\t\t<\/a>\n\t\t\t\t\t\t\t\t\t\t\t\t\t\t\t<\/div>\n\t\t\t\t<\/div>\n\t\t\t\t<div class=\"elementor-element elementor-element-3e827b9 elementor-widget elementor-widget-heading\" data-id=\"3e827b9\" data-element_type=\"widget\" data-widget_type=\"heading.default\">\n\t\t\t\t<div class=\"elementor-widget-container\">\n\t\t\t\t\t<h2 class=\"elementor-heading-title elementor-size-default\">Patrick Zimmermann<\/h2>\t\t\t\t<\/div>\n\t\t\t\t<\/div>\n\t\t\t\t<div class=\"elementor-element elementor-element-82f4b8b elementor-widget elementor-widget-heading\" data-id=\"82f4b8b\" data-element_type=\"widget\" data-widget_type=\"heading.default\">\n\t\t\t\t<div class=\"elementor-widget-container\">\n\t\t\t\t\t<span class=\"elementor-heading-title elementor-size-default\">Leiter Werkhof<\/span>\t\t\t\t<\/div>\n\t\t\t\t<\/div>\n\t\t\t\t<div class=\"elementor-element elementor-element-ddd300c elementor-widget elementor-widget-heading\" data-id=\"ddd300c\" data-element_type=\"widget\" data-widget_type=\"heading.default\">\n\t\t\t\t<div class=\"elementor-widget-container\">\n\t\t\t\t\t<span class=\"elementor-heading-title elementor-size-default\"><a href=\"tel:0041317402428\">031 740 24 28<\/a><\/span>\t\t\t\t<\/div>\n\t\t\t\t<\/div>\n\t\t\t\t<div class=\"elementor-element elementor-element-e1a3877 elementor-widget elementor-widget-heading\" data-id=\"e1a3877\" data-element_type=\"widget\" data-widget_type=\"heading.default\">\n\t\t\t\t<div class=\"elementor-widget-container\">\n\t\t\t\t\t<span class=\"elementor-heading-title elementor-size-default\"><a href=\"mailto:patrick.zimmermann@pegrila.ch\">patrick.zimmermann@pegrila.ch<\/a><\/span>\t\t\t\t<\/div>\n\t\t\t\t<\/div>\n\t\t\t\t<\/div>\n\t\t<div class=\"elementor-element elementor-element-12de578 e-con-full e-flex e-con e-child\" data-id=\"12de578\" data-element_type=\"container\">\n\t\t\t\t<div class=\"elementor-element elementor-element-76e1d73 elementor-widget elementor-widget-image\" data-id=\"76e1d73\" data-element_type=\"widget\" data-widget_type=\"image.default\">\n\t\t\t\t<div class=\"elementor-widget-container\">\n\t\t\t\t\t\t\t\t\t\t\t\t\t\t\t<img loading=\"lazy\" decoding=\"async\" width=\"800\" height=\"892\" src=\"https:\/\/pegrila.ch\/wp-content\/uploads\/2024\/05\/Doris-Gerber-918x1024.jpg\" class=\"attachment-large size-large wp-image-1589\" alt=\"\" srcset=\"https:\/\/pegrila.ch\/wp-content\/uploads\/2024\/05\/Doris-Gerber-918x1024.jpg 918w, https:\/\/pegrila.ch\/wp-content\/uploads\/2024\/05\/Doris-Gerber-269x300.jpg 269w, https:\/\/pegrila.ch\/wp-content\/uploads\/2024\/05\/Doris-Gerber-768x857.jpg 768w, https:\/\/pegrila.ch\/wp-content\/uploads\/2024\/05\/Doris-Gerber-1376x1536.jpg 1376w, https:\/\/pegrila.ch\/wp-content\/uploads\/2024\/05\/Doris-Gerber-11x12.jpg 11w, https:\/\/pegrila.ch\/wp-content\/uploads\/2024\/05\/Doris-Gerber.jpg 1500w\" sizes=\"(max-width: 800px) 100vw, 800px\" \/>\t\t\t\t\t\t\t\t\t\t\t\t\t\t\t<\/div>\n\t\t\t\t<\/div>\n\t\t\t\t<div class=\"elementor-element elementor-element-c1aba77 elementor-widget elementor-widget-heading\" data-id=\"c1aba77\" data-element_type=\"widget\" data-widget_type=\"heading.default\">\n\t\t\t\t<div class=\"elementor-widget-container\">\n\t\t\t\t\t<h2 class=\"elementor-heading-title elementor-size-default\">Doris Gerber<\/h2>\t\t\t\t<\/div>\n\t\t\t\t<\/div>\n\t\t\t\t<div class=\"elementor-element elementor-element-c7be8af elementor-widget elementor-widget-heading\" data-id=\"c7be8af\" data-element_type=\"widget\" data-widget_type=\"heading.default\">\n\t\t\t\t<div class=\"elementor-widget-container\">\n\t\t\t\t\t<span class=\"elementor-heading-title elementor-size-default\">Facility Managerin<\/span>\t\t\t\t<\/div>\n\t\t\t\t<\/div>\n\t\t\t\t<div class=\"elementor-element elementor-element-cc040b0 elementor-widget elementor-widget-heading\" data-id=\"cc040b0\" data-element_type=\"widget\" data-widget_type=\"heading.default\">\n\t\t\t\t<div class=\"elementor-widget-container\">\n\t\t\t\t\t<span class=\"elementor-heading-title elementor-size-default\"><a href=\"tel:0041317402424\">031 740 24 24<\/a><\/span>\t\t\t\t<\/div>\n\t\t\t\t<\/div>\n\t\t\t\t<\/div>\n\t\t<div class=\"elementor-element elementor-element-89a532b e-con-full e-flex e-con e-child\" data-id=\"89a532b\" data-element_type=\"container\">\n\t\t\t\t<\/div>\n\t\t\t\t\t<\/div>\n\t\t\t\t<\/div>\n\t\t\t\t\t<\/div>\n\t\t\t\t<\/div>\n\t\t<div class=\"elementor-element elementor-element-214ab78 e-flex e-con-boxed e-con e-parent\" data-id=\"214ab78\" data-element_type=\"container\">\n\t\t\t\t\t<div class=\"e-con-inner\">\n\t\t\t\t<div class=\"elementor-element elementor-element-22b7d1c elementor-widget elementor-widget-spacer\" data-id=\"22b7d1c\" data-element_type=\"widget\" data-widget_type=\"spacer.default\">\n\t\t\t\t<div class=\"elementor-widget-container\">\n\t\t\t\t\t\t\t<div class=\"elementor-spacer\">\n\t\t\t<div class=\"elementor-spacer-inner\"><\/div>\n\t\t<\/div>\n\t\t\t\t\t\t<\/div>\n\t\t\t\t<\/div>\n\t\t\t\t\t<\/div>\n\t\t\t\t<\/div>\n\t\t\t\t<\/div>\n\t\t","protected":false},"excerpt":{"rendered":"<p>Ansprechpartner Alexander Berger Gesch\u00e4ftsf\u00fchrer 031 740 24 21 alexander.berger@pegrila.ch Arnold Krall Stv. Gesch\u00e4ftsf\u00fchrer 031 740 24 25 arnold.krall@pegrila.ch Gianella Bachis Technische Mitarbeiterin 031 740 24 29 gianella.bachis@pegrila.ch Simon Wasserfallen Gruppenf\u00fchrer \/ Projektavor 031 740 24 20 simon.wasserfallen@pegrila.ch Eugenie Kaufmann Assistentin Administration 031 740 24 27 eugenie.kaufmann@pegrila.ch Patrick Zimmermann Leiter Werkhof 031 740 24 28 patrick.zimmermann@pegrila.ch [&hellip;]<\/p>\n","protected":false},"author":1,"featured_media":0,"parent":25,"menu_order":0,"comment_status":"closed","ping_status":"closed","template":"","meta":{"_acf_changed":false,"footnotes":""},"class_list":["post-1105","page","type-page","status-publish","hentry"],"acf":[],"_links":{"self":[{"href":"https:\/\/pegrila.ch\/de\/wp-json\/wp\/v2\/pages\/1105","targetHints":{"allow":["GET"]}}],"collection":[{"href":"https:\/\/pegrila.ch\/de\/wp-json\/wp\/v2\/pages"}],"about":[{"href":"https:\/\/pegrila.ch\/de\/wp-json\/wp\/v2\/types\/page"}],"author":[{"embeddable":true,"href":"https:\/\/pegrila.ch\/de\/wp-json\/wp\/v2\/users\/1"}],"replies":[{"embeddable":true,"href":"https:\/\/pegrila.ch\/de\/wp-json\/wp\/v2\/comments?post=1105"}],"version-history":[{"count":0,"href":"https:\/\/pegrila.ch\/de\/wp-json\/wp\/v2\/pages\/1105\/revisions"}],"up":[{"embeddable":true,"href":"https:\/\/pegrila.ch\/de\/wp-json\/wp\/v2\/pages\/25"}],"wp:attachment":[{"href":"https:\/\/pegrila.ch\/de\/wp-json\/wp\/v2\/media?parent=1105"}],"curies":[{"name":"wp","href":"https:\/\/api.w.org\/{rel}","templated":true}]}}