{"id":2232,"date":"2024-05-28T13:19:27","date_gmt":"2024-05-28T11:19:27","guid":{"rendered":"https:\/\/pegrila.ch\/?page_id=2232"},"modified":"2024-05-28T13:51:45","modified_gmt":"2024-05-28T11:51:45","slug":"splittbeton","status":"publish","type":"page","link":"http:\/\/pegrila.ch\/de\/splittbeton\/","title":{"rendered":"Splittbeton"},"content":{"rendered":"\t\t<div data-elementor-type=\"wp-page\" data-elementor-id=\"2232\" class=\"elementor elementor-2232\" data-elementor-post-type=\"page\">\n\t\t\t\t<div class=\"elementor-element elementor-element-09fcfea e-con-full e-flex e-con e-parent\" data-id=\"09fcfea\" data-element_type=\"container\" data-settings=\"{&quot;background_background&quot;:&quot;classic&quot;}\">\n\t\t<div class=\"elementor-element elementor-element-b0b23ab e-flex e-con-boxed e-con e-child\" data-id=\"b0b23ab\" data-element_type=\"container\">\n\t\t\t\t\t<div class=\"e-con-inner\">\n\t\t\t\t<div class=\"elementor-element elementor-element-ca0fcbb breadcrumbs elementor-widget elementor-widget-text-editor\" data-id=\"ca0fcbb\" data-element_type=\"widget\" data-widget_type=\"text-editor.default\">\n\t\t\t\t<div class=\"elementor-widget-container\">\n\t\t\t\t\t\t\t\t\t<p><nav aria-label=\"breadcrumbs\" class=\"rank-math-breadcrumb\"><p><span class=\"last\">Startseite<\/span><\/p><\/nav><\/p>\t\t\t\t\t\t\t\t<\/div>\n\t\t\t\t<\/div>\n\t\t\t\t<div class=\"elementor-element elementor-element-304e8b8 elementor-widget elementor-widget-heading\" data-id=\"304e8b8\" data-element_type=\"widget\" data-widget_type=\"heading.default\">\n\t\t\t\t<div class=\"elementor-widget-container\">\n\t\t\t\t\t<h1 class=\"elementor-heading-title elementor-size-default\">Splittbeton (Verkehrsfl\u00e4chen)<\/h1>\t\t\t\t<\/div>\n\t\t\t\t<\/div>\n\t\t\t\t<div class=\"elementor-element elementor-element-141597e elementor-widget elementor-widget-spacer\" data-id=\"141597e\" data-element_type=\"widget\" data-widget_type=\"spacer.default\">\n\t\t\t\t<div class=\"elementor-widget-container\">\n\t\t\t\t\t\t\t<div class=\"elementor-spacer\">\n\t\t\t<div class=\"elementor-spacer-inner\"><\/div>\n\t\t<\/div>\n\t\t\t\t\t\t<\/div>\n\t\t\t\t<\/div>\n\t\t\t\t\t<\/div>\n\t\t\t\t<\/div>\n\t\t\t\t<\/div>\n\t\t<div class=\"elementor-element elementor-element-4e4e22a e-flex e-con-boxed e-con e-parent\" data-id=\"4e4e22a\" data-element_type=\"container\" data-settings=\"{&quot;background_background&quot;:&quot;classic&quot;}\">\n\t\t\t\t\t<div class=\"e-con-inner\">\n\t\t<div class=\"elementor-element elementor-element-b085cfa e-flex e-con-boxed e-con e-child\" data-id=\"b085cfa\" data-element_type=\"container\" data-settings=\"{&quot;background_background&quot;:&quot;classic&quot;}\">\n\t\t\t\t\t<div class=\"e-con-inner\">\n\t\t<div class=\"elementor-element elementor-element-a3aaf01 e-con-full e-flex e-con e-child\" data-id=\"a3aaf01\" data-element_type=\"container\" data-settings=\"{&quot;background_background&quot;:&quot;classic&quot;}\">\n\t\t\t\t<div class=\"elementor-element elementor-element-a7a4d2e linktext elementor-widget elementor-widget-text-editor\" data-id=\"a7a4d2e\" data-element_type=\"widget\" data-widget_type=\"text-editor.default\">\n\t\t\t\t<div class=\"elementor-widget-container\">\n\t\t\t\t\t\t\t\t\t<div class=\"elementor-element elementor-element-524c9ff elementor-widget elementor-widget-spacer\" data-id=\"524c9ff\" data-element_type=\"widget\" data-widget_type=\"spacer.default\"><div class=\"elementor-widget-container\"><div class=\"elementor-spacer\"><div class=\"elementor-spacer-inner\">Splittbeton in Verkehrsfl\u00e4chen dient oftmals der Erh\u00f6hung der Oberfl\u00e4chenrauigkeit und der Reduzierung von Verkehrsl\u00e4rm. In der Regel ist das System ein zwei- oder mehrschichtiger Aufbau. Die Unterkonstruktion (Unterbeton) dient als Lastverteilung, Lastabtragung in den Untergrund, nimmt die Brems- und Querkr\u00e4fte auf und ist Tau-Frost-Salzbest\u00e4ndig. Der Oberbeton ist der eigentliche Splittbeton mit einer gebrochenen K\u00f6rnung zwischen 0 bis 8 mm. Die beiden Schichten k\u00f6nnen Nass in Nass oder separat mit Haftbr\u00fccke eingebaut werden. Anwendung findet Splittbeton vermehrt in den Kantonen Luzern, Aargau, Zug und Basel an Bushaltestellen und Kreiseln.<\/div><\/div><\/div><\/div><div class=\"elementor-element elementor-element-25974a1 linktext elementor-widget elementor-widget-text-editor\" data-id=\"25974a1\" data-element_type=\"widget\" data-widget_type=\"text-editor.default\"><div class=\"elementor-widget-container\"><p>Wir begleiten Sie gerne von Beginn an bei der Planung, dem Einbau und der Nachbehandlung.<\/p><\/div><\/div>\t\t\t\t\t\t\t\t<\/div>\n\t\t\t\t<\/div>\n\t\t\t\t<\/div>\n\t\t<div class=\"elementor-element elementor-element-e7f500d e-flex e-con-boxed e-con e-child\" data-id=\"e7f500d\" data-element_type=\"container\" data-settings=\"{&quot;background_background&quot;:&quot;classic&quot;}\">\n\t\t\t\t\t<div class=\"e-con-inner\">\n\t\t\t\t<div class=\"elementor-element elementor-element-31ad287 elementor-widget elementor-widget-spacer\" data-id=\"31ad287\" data-element_type=\"widget\" data-widget_type=\"spacer.default\">\n\t\t\t\t<div class=\"elementor-widget-container\">\n\t\t\t\t\t\t\t<div class=\"elementor-spacer\">\n\t\t\t<div class=\"elementor-spacer-inner\"><\/div>\n\t\t<\/div>\n\t\t\t\t\t\t<\/div>\n\t\t\t\t<\/div>\n\t\t\t\t\t<\/div>\n\t\t\t\t<\/div>\n\t\t\t\t\t<\/div>\n\t\t\t\t<\/div>\n\t\t\t\t\t<\/div>\n\t\t\t\t<\/div>\n\t\t<div class=\"elementor-element elementor-element-323dc05 e-flex e-con-boxed e-con e-parent\" data-id=\"323dc05\" data-element_type=\"container\">\n\t\t\t\t\t<div class=\"e-con-inner\">\n\t\t<div class=\"elementor-element elementor-element-c41aceb e-con-full e-flex e-con e-child\" data-id=\"c41aceb\" data-element_type=\"container\" data-settings=\"{&quot;background_background&quot;:&quot;classic&quot;}\">\n\t\t\t\t<div class=\"elementor-element elementor-element-9cf754d liststyling elementor-widget elementor-widget-toggle\" data-id=\"9cf754d\" data-element_type=\"widget\" data-widget_type=\"toggle.default\">\n\t\t\t\t<div class=\"elementor-widget-container\">\n\t\t\t\t\t\t\t<div class=\"elementor-toggle\">\n\t\t\t\t\t\t\t<div class=\"elementor-toggle-item\">\n\t\t\t\t\t<div id=\"elementor-tab-title-1641\" class=\"elementor-tab-title\" data-tab=\"1\" role=\"button\" aria-controls=\"elementor-tab-content-1641\" aria-expanded=\"false\">\n\t\t\t\t\t\t\t\t\t\t\t\t<span class=\"elementor-toggle-icon elementor-toggle-icon-right\" aria-hidden=\"true\">\n\t\t\t\t\t\t\t\t\t\t\t\t\t\t\t<span class=\"elementor-toggle-icon-closed\"><svg xmlns=\"http:\/\/www.w3.org\/2000\/svg\" width=\"16.14\" height=\"16.14\" viewBox=\"0 0 16.14 16.14\"><g transform=\"translate(-61.898 -1308.345)\"><path d=\"M-2994.032,1308.345v16.14\" transform=\"translate(3064)\" fill=\"none\" stroke=\"#000\" stroke-width=\"1\"><\/path><path d=\"M-2994.032,1308.345v16.14\" transform=\"translate(1386.383 4310.448) rotate(90)\" fill=\"none\" stroke=\"#000\" stroke-width=\"1\"><\/path><\/g><\/svg><\/span>\n\t\t\t\t\t\t\t\t<span class=\"elementor-toggle-icon-opened\"><svg xmlns=\"http:\/\/www.w3.org\/2000\/svg\" width=\"16.14\" height=\"1\" viewBox=\"0 0 16.14 1\"><g transform=\"translate(-61.898 -1315.916)\"><path d=\"M-2994.032,1308.345v16.14\" transform=\"translate(1386.383 4310.448) rotate(90)\" fill=\"none\" stroke=\"#000\" stroke-width=\"1\"><\/path><\/g><\/svg><\/span>\n\t\t\t\t\t\t\t\t\t\t\t\t\t<\/span>\n\t\t\t\t\t\t\t\t\t\t\t\t<a class=\"elementor-toggle-title\" tabindex=\"0\">Wie kann man sich einen solchen Einbau vorstellen:<\/a>\n\t\t\t\t\t<\/div>\n\n\t\t\t\t\t<div id=\"elementor-tab-content-1641\" class=\"elementor-tab-content elementor-clearfix\" data-tab=\"1\" role=\"region\" aria-labelledby=\"elementor-tab-title-1641\"><p>Planung:<\/p><ul><li>Welche Einbaust\u00e4rken sind geplant, mit welchen Belastungsklassen ist zu rechnen?<\/li><li>gerne unterst\u00fctzen wir Sie bei der Submission<\/li><li>Welche Partei \u00fcbernimmt welche Aufgaben (Unternehmer \/ Pegrila AG)?<br \/><br \/><\/li><\/ul><p>Betonagetag:<\/p><ul><li>Das Einbringen des Unterbetons erfolgt in der Regel durch den Baumeister vor Ort. Im Zeitraum der Betonage des Unterbetons erfolgen unsere Vorbereitungsarbeiten (Installation Spezial-Modulfertiger, Britsche, etc.).<\/li><li>Wie beim Unterbeton erfolgt auch das Einbringen des Oberbetons (Splittmatrix) durch den Baumeister.<\/li><li>Sobald die Splittmatrix eingebracht worden ist, wird diese durch uns vor dem Spezial-Modulfertiger verteilt und mit diesem dann auf genauer H\u00f6he abgezogen sowie taloschiert.<\/li><li>Nachdem taloschieren erfolgt das Aufbringen des Oberfl\u00e4chenverz\u00f6gerers mit integriertem Verdunstungsschutz.<\/li><li>Je nach Jahreszeit, Wetter und Temperatur erfolgt noch am gleichen bzw. am darauffolgenden Tag das Abwaschen der Oberfl\u00e4che der Splittmatrix mittels Hochdruckreiniger. Hierbei wird die Zementhaut entfernt und legt die Splittmatrix frei, um die gew\u00fcnschte Oberfl\u00e4che zu erhalten. Dadurch wird eine Rautiefe von 1.5 bis 2.0 mm erreicht.<br \/><br \/><\/li><\/ul><p>Wir begleiten Sie gerne von Beginn an bei der Planung, dem Einbau und der Nachbehandlung.<\/p><\/div>\n\t\t\t\t<\/div>\n\t\t\t\t\t\t\t\t<\/div>\n\t\t\t\t\t\t<\/div>\n\t\t\t\t<\/div>\n\t\t\t\t<\/div>\n\t\t\t\t\t<\/div>\n\t\t\t\t<\/div>\n\t\t<div class=\"elementor-element elementor-element-f852c35 e-flex e-con-boxed e-con e-parent\" data-id=\"f852c35\" data-element_type=\"container\">\n\t\t\t\t\t<div class=\"e-con-inner\">\n\t\t\t\t<div class=\"elementor-element elementor-element-b7025b0 elementor-widget elementor-widget-eael-post-carousel\" data-id=\"b7025b0\" data-element_type=\"widget\" data-widget_type=\"eael-post-carousel.default\">\n\t\t\t\t<div class=\"elementor-widget-container\">\n\t\t\t\t\t        <div class=\"swiper-container-wrap eael-post-grid-container eael-post-carousel-wrap eael-post-carousel-style-one\" id=\"eael-post-grid-b7025b0\">\n\t\t\t            <div class=\"swiper swiper-8 eael-post-carousel eael-post-grid swiper-container-b7025b0 eael-post-appender-b7025b0 show-read-more-button\" data-pagination=\".swiper-pagination-b7025b0\" data-arrow-next=\".swiper-button-next-b7025b0\" data-arrow-prev=\".swiper-button-prev-b7025b0\" data-effect=\"fade\" data-speed=\"800\" data-autoplay=\"7000\" data-pause-on-hover=\"true\" data-loop=\"1\" data-arrows=\"1\">\n                <div class=\"swiper-wrapper\">\n\t\t\t\t\t<div class=\"swiper-slide\"><article class=\"eael-grid-post eael-post-grid-column\">\n    <div class=\"eael-grid-post-holder\">\n        <div class=\"eael-grid-post-holder-inner\"><div class=\"eael-entry-media eael-entry-medianone\"><div class=\"eael-entry-overlay fade-in\"><div class='eael-entry-wrapper-fade-in'><div class=\"eael-entry-wrapper\"><header class=\"eael-entry-header\"><a class=\"eael-grid-post-link\" href=\"http:\/\/pegrila.ch\/de\/splittbeton-neubau-kreisel-k-10-hackenrueti-bahnhof-und-umgestaltung-bushof-wolhusen\/\" title=\"Splittbeton Neubau Kreisel, K 10 Hackenr\u00fcti \u2013 Bahnhof und Umgestaltung Bushof, Wolhusen\"><h3 class=\"eael-entry-title\">Splittbeton Neubau Kreisel, K 10 Hackenr\u00fcti \u2013 Bahnhof und Umgestaltung Bushof, Wolhusen<\/a><\/h3><\/header><\/div><div class=\"eael-entry-content\">\n\t\t\t\t<div class=\"eael-grid-post-excerpt\"><\/div>\n\t\t\t<\/div><\/div><a href=\"http:\/\/pegrila.ch\/de\/splittbeton-neubau-kreisel-k-10-hackenrueti-bahnhof-und-umgestaltung-bushof-wolhusen\/\"><\/a><\/div><div class=\"eael-entry-thumbnail eael-image-ratio\">\n                    <img decoding=\"async\" src=\"https:\/\/pegrila.ch\/wp-content\/uploads\/2025\/02\/IMG_5885-2048x1536.jpg\" alt=\"Abziehen der Splittbeton Oberfl\u00e4che mittels Modulfertiger Wolhusen, Splittbeton, Balken abziehen\">\n                <\/div><\/div><\/div><\/div><\/article><\/div><div class=\"swiper-slide\"><article class=\"eael-grid-post eael-post-grid-column\">\n    <div class=\"eael-grid-post-holder\">\n        <div class=\"eael-grid-post-holder-inner\"><div class=\"eael-entry-media eael-entry-medianone\"><div class=\"eael-entry-overlay fade-in\"><div class='eael-entry-wrapper-fade-in'><div class=\"eael-entry-wrapper\"><header class=\"eael-entry-header\"><a class=\"eael-grid-post-link\" href=\"http:\/\/pegrila.ch\/de\/k11-40-kreisel-willisau\/\" title=\"Erstellung Splittbeton Kreisel K11 \/ 40, Willisau\"><h3 class=\"eael-entry-title\">Erstellung Splittbeton Kreisel K11 \/ 40, Willisau<\/a><\/h3><\/header><\/div><div class=\"eael-entry-content\">\n\t\t\t\t<div class=\"eael-grid-post-excerpt\"><\/div>\n\t\t\t<\/div><\/div><a href=\"http:\/\/pegrila.ch\/de\/k11-40-kreisel-willisau\/\"><\/a><\/div><div class=\"eael-entry-thumbnail eael-image-ratio\">\n                    <img decoding=\"async\" src=\"https:\/\/pegrila.ch\/wp-content\/uploads\/2024\/05\/IMG_2429-2048x1536.jpg\" alt=\"\">\n                <\/div><\/div><\/div><\/div><\/article><\/div>                <\/div>\n            <\/div>\n            <div class=\"clearfix\"><\/div>\n\t\t\t\t\t\t            <!-- Add Arrows -->\n            <div class=\"swiper-button-next swiper-button-next-b7025b0\">\n                <i class=\"fa fa-angle-right\"><\/i>\n            <\/div>\n            <div class=\"swiper-button-prev swiper-button-prev-b7025b0\">\n                <i class=\"fa fa-angle-left\"><\/i>\n            <\/div>\n\t\t\t        <\/div>\n\t\t\t\t\t\t<\/div>\n\t\t\t\t<\/div>\n\t\t<div class=\"elementor-element elementor-element-ea97a34 e-flex e-con-boxed e-con e-child\" data-id=\"ea97a34\" data-element_type=\"container\">\n\t\t\t\t\t<div class=\"e-con-inner\">\n\t\t\t\t<div class=\"elementor-element elementor-element-9829318 elementor-widget elementor-widget-text-editor\" data-id=\"9829318\" data-element_type=\"widget\" data-widget_type=\"text-editor.default\">\n\t\t\t\t<div class=\"elementor-widget-container\">\n\t\t\t\t\t\t\t\t\t<p>\t\t<div data-elementor-type=\"section\" data-elementor-id=\"288\" class=\"elementor elementor-288\" data-elementor-post-type=\"elementor_library\">\n\t\t\t<div class=\"elementor-element elementor-element-0b802c4 e-flex e-con-boxed e-con e-parent\" data-id=\"0b802c4\" data-element_type=\"container\">\n\t\t\t\t\t<div class=\"e-con-inner\">\n\t\t<div class=\"elementor-element elementor-element-2f3bab1 e-flex e-con-boxed e-con e-child\" data-id=\"2f3bab1\" data-element_type=\"container\" data-settings=\"{&quot;background_background&quot;:&quot;classic&quot;}\">\n\t\t\t\t\t<div class=\"e-con-inner\">\n\t\t\t\t<div class=\"elementor-element elementor-element-73dd22b elementor-widget elementor-widget-heading\" data-id=\"73dd22b\" data-element_type=\"widget\" data-widget_type=\"heading.default\">\n\t\t\t\t<div class=\"elementor-widget-container\">\n\t\t\t\t\t<h2 class=\"elementor-heading-title elementor-size-default\">D\u00fcrfen wir bald auch f\u00fcr Sie am Werk sein? <\/h2>\t\t\t\t<\/div>\n\t\t\t\t<\/div>\n\t\t\t\t\t<\/div>\n\t\t\t\t<\/div>\n\t\t<div class=\"elementor-element elementor-element-8e5d39c e-flex e-con-boxed e-con e-child\" data-id=\"8e5d39c\" data-element_type=\"container\" data-settings=\"{&quot;background_background&quot;:&quot;classic&quot;}\">\n\t\t\t\t\t<div class=\"e-con-inner\">\n\t\t<div class=\"elementor-element elementor-element-e9c8340 e-flex e-con-boxed e-con e-child\" data-id=\"e9c8340\" data-element_type=\"container\">\n\t\t\t\t\t<div class=\"e-con-inner\">\n\t\t\t\t<div class=\"elementor-element elementor-element-24d62bb elementor-widget elementor-widget-heading\" data-id=\"24d62bb\" data-element_type=\"widget\" data-widget_type=\"heading.default\">\n\t\t\t\t<div class=\"elementor-widget-container\">\n\t\t\t\t\t<h2 class=\"elementor-heading-title elementor-size-default\">Kontakt:<\/h2>\t\t\t\t<\/div>\n\t\t\t\t<\/div>\n\t\t\t\t<div class=\"elementor-element elementor-element-446ac32 elementor-icon-list--layout-traditional elementor-list-item-link-full_width elementor-widget elementor-widget-icon-list\" data-id=\"446ac32\" data-element_type=\"widget\" data-widget_type=\"icon-list.default\">\n\t\t\t\t<div class=\"elementor-widget-container\">\n\t\t\t\t\t\t\t<ul class=\"elementor-icon-list-items\">\n\t\t\t\t\t\t\t<li class=\"elementor-icon-list-item\">\n\t\t\t\t\t\t\t\t\t\t\t<a href=\"tel:+41317402424\">\n\n\t\t\t\t\t\t\t\t\t\t\t\t<span class=\"elementor-icon-list-icon\">\n\t\t\t\t\t\t\t<svg xmlns=\"http:\/\/www.w3.org\/2000\/svg\" width=\"39.977\" height=\"40.755\" viewBox=\"0 0 39.977 40.755\"><g id=\"noun-phone-6185096\" transform=\"translate(-3.073 -2.487)\"><path id=\"Pfad_13\" data-name=\"Pfad 13\" d=\"M41.493,34.34a3.183,3.183,0,0,0-1.47-2.13L34.1,28.631a3.165,3.165,0,0,0-3.822.431L27.863,31.4c-.169.027-1.186.088-4.085-2.022-3.058-2-9.116-8.691-9.073-11.595l2.42-2.339a3.149,3.149,0,0,0,.56-3.8L14.307,5.6a3.168,3.168,0,0,0-4.611-1L7.168,6.46a6.3,6.3,0,0,0-2.6,5.089,30.414,30.414,0,0,0,8.763,20.722,30.38,30.38,0,0,0,20.412,9.464,6.3,6.3,0,0,0,5.177-2.42l1.941-2.46a3.174,3.174,0,0,0,.627-2.514Z\" transform=\"translate(0 0)\" fill=\"none\" stroke=\"#000\" stroke-width=\"3\"><\/path><\/g><\/svg>\t\t\t\t\t\t<\/span>\n\t\t\t\t\t\t\t\t\t\t<span class=\"elementor-icon-list-text\">031 740 24 24<\/span>\n\t\t\t\t\t\t\t\t\t\t\t<\/a>\n\t\t\t\t\t\t\t\t\t<\/li>\n\t\t\t\t\t\t\t\t<li class=\"elementor-icon-list-item\">\n\t\t\t\t\t\t\t\t\t\t\t<a href=\"mailto:info@pegrila.ch\">\n\n\t\t\t\t\t\t\t\t\t\t\t\t<span class=\"elementor-icon-list-icon\">\n\t\t\t\t\t\t\t<i aria-hidden=\"true\" class=\"far fa-envelope\"><\/i>\t\t\t\t\t\t<\/span>\n\t\t\t\t\t\t\t\t\t\t<span class=\"elementor-icon-list-text\"> info@pegrila.ch<\/span>\n\t\t\t\t\t\t\t\t\t\t\t<\/a>\n\t\t\t\t\t\t\t\t\t<\/li>\n\t\t\t\t\t\t<\/ul>\n\t\t\t\t\t\t<\/div>\n\t\t\t\t<\/div>\n\t\t\t\t<div class=\"elementor-element elementor-element-d797c51 elementor-widget elementor-widget-button\" data-id=\"d797c51\" data-element_type=\"widget\" data-widget_type=\"button.default\">\n\t\t\t\t<div class=\"elementor-widget-container\">\n\t\t\t\t\t\t\t\t\t<div class=\"elementor-button-wrapper\">\n\t\t\t\t\t<a class=\"elementor-button elementor-button-link elementor-size-sm\" href=\"#elementor-action%3Aaction%3Dpopup%3Aopen%26settings%3DeyJpZCI6IjEzNzEiLCJ0b2dnbGUiOmZhbHNlfQ%3D%3D\">\n\t\t\t\t\t\t<span class=\"elementor-button-content-wrapper\">\n\t\t\t\t\t\t<span class=\"elementor-button-icon\">\n\t\t\t\t<i aria-hidden=\"true\" class=\"fab fa-wpforms\"><\/i>\t\t\t<\/span>\n\t\t\t\t\t\t\t\t\t<span class=\"elementor-button-text\">Kontaktformular<\/span>\n\t\t\t\t\t<\/span>\n\t\t\t\t\t<\/a>\n\t\t\t\t<\/div>\n\t\t\t\t\t\t\t\t<\/div>\n\t\t\t\t<\/div>\n\t\t\t\t\t<\/div>\n\t\t\t\t<\/div>\n\t\t<div class=\"elementor-element elementor-element-44bf3e5 e-flex e-con-boxed e-con e-child\" data-id=\"44bf3e5\" data-element_type=\"container\">\n\t\t\t\t\t<div class=\"e-con-inner\">\n\t\t\t\t<div class=\"elementor-element elementor-element-9e30dee elementor-widget elementor-widget-heading\" data-id=\"9e30dee\" data-element_type=\"widget\" data-widget_type=\"heading.default\">\n\t\t\t\t<div class=\"elementor-widget-container\">\n\t\t\t\t\t<h2 class=\"elementor-heading-title elementor-size-default\">Adresse:<\/h2>\t\t\t\t<\/div>\n\t\t\t\t<\/div>\n\t\t\t\t<div class=\"elementor-element elementor-element-61a41dc elementor-widget elementor-widget-heading\" data-id=\"61a41dc\" data-element_type=\"widget\" data-widget_type=\"heading.default\">\n\t\t\t\t<div class=\"elementor-widget-container\">\n\t\t\t\t\t<h6 class=\"elementor-heading-title elementor-size-default\">Hauptsitz<\/h6>\t\t\t\t<\/div>\n\t\t\t\t<\/div>\n\t\t\t\t<div class=\"elementor-element elementor-element-157ccb3 elementor-widget elementor-widget-text-editor\" data-id=\"157ccb3\" data-element_type=\"widget\" data-widget_type=\"text-editor.default\">\n\t\t\t\t<div class=\"elementor-widget-container\">\n\t\t\t\t\t\t\t\t\t<p>Pegrila AG<br \/>Giacomettistrasse 1<br \/>3006 Bern<\/p>\t\t\t\t\t\t\t\t<\/div>\n\t\t\t\t<\/div>\n\t\t\t\t<div class=\"elementor-element elementor-element-e0a2048 elementor-widget elementor-widget-heading\" data-id=\"e0a2048\" data-element_type=\"widget\" data-widget_type=\"heading.default\">\n\t\t\t\t<div class=\"elementor-widget-container\">\n\t\t\t\t\t<h6 class=\"elementor-heading-title elementor-size-default\">Werkhof- und Lieferadresse<\/h6>\t\t\t\t<\/div>\n\t\t\t\t<\/div>\n\t\t\t\t<div class=\"elementor-element elementor-element-0ad7670 elementor-widget elementor-widget-text-editor\" data-id=\"0ad7670\" data-element_type=\"widget\" data-widget_type=\"text-editor.default\">\n\t\t\t\t<div class=\"elementor-widget-container\">\n\t\t\t\t\t\t\t\t\t<p>Pegrila AG<br \/>Allmendstrasse 11<br \/>3210 Kerzers<\/p>\t\t\t\t\t\t\t\t<\/div>\n\t\t\t\t<\/div>\n\t\t\t\t\t<\/div>\n\t\t\t\t<\/div>\n\t\t<div class=\"elementor-element elementor-element-12983e9 e-flex e-con-boxed e-con e-child\" data-id=\"12983e9\" data-element_type=\"container\">\n\t\t\t\t\t<div class=\"e-con-inner\">\n\t\t\t\t<div class=\"elementor-element elementor-element-7120366 elementor-widget elementor-widget-heading\" data-id=\"7120366\" data-element_type=\"widget\" data-widget_type=\"heading.default\">\n\t\t\t\t<div class=\"elementor-widget-container\">\n\t\t\t\t\t<h2 class=\"elementor-heading-title elementor-size-default\">\u00d6ffnungszeiten:<\/h2>\t\t\t\t<\/div>\n\t\t\t\t<\/div>\n\t\t\t\t<div class=\"elementor-element elementor-element-2e0e424 elementor-widget elementor-widget-text-editor\" data-id=\"2e0e424\" data-element_type=\"widget\" data-widget_type=\"text-editor.default\">\n\t\t\t\t<div class=\"elementor-widget-container\">\n\t\t\t\t\t\t\t\t\t<table dir=\"ltr\" border=\"1\" cellspacing=\"0\" cellpadding=\"0\"><colgroup> <col width=\"185\" \/> <col width=\"100\" \/><\/colgroup><tbody><tr><td data-sheets-value=\"{&quot;1&quot;:2,&quot;2&quot;:&quot;Montag bis Donnerstag&quot;}\">Montag bis Donnerstag<\/td><td data-sheets-value=\"{&quot;1&quot;:2,&quot;2&quot;:&quot;07:30 - 12:00 13:00 - 17:00&quot;}\"><div><div>07:30 &#8211; 12:00<\/div><div>13:00 &#8211; 17:00<\/div><\/div><\/td><\/tr><tr><td data-sheets-value=\"{&quot;1&quot;:2,&quot;2&quot;:&quot;Freitag&quot;}\">Freitag<\/td><td data-sheets-value=\"{&quot;1&quot;:2,&quot;2&quot;:&quot;07:00 - 12:00 13:00 - 16:30&quot;}\"><div><div>07:00 &#8211; 12:00<\/div><div>13:00 &#8211; 16:30<\/div><\/div><\/td><\/tr><tr><td data-sheets-value=\"{&quot;1&quot;:2,&quot;2&quot;:&quot;Samstag &amp; Sonntag&quot;}\">Samstag &amp; Sonntag<\/td><td data-sheets-value=\"{&quot;1&quot;:2,&quot;2&quot;:&quot;Geschlossen&quot;}\">Geschlossen<\/td><\/tr><\/tbody><\/table>\t\t\t\t\t\t\t\t<\/div>\n\t\t\t\t<\/div>\n\t\t\t\t\t<\/div>\n\t\t\t\t<\/div>\n\t\t\t\t\t<\/div>\n\t\t\t\t<\/div>\n\t\t\t\t\t<\/div>\n\t\t\t\t<\/div>\n\t\t\t\t<\/div>\n\t\t<\/p>\t\t\t\t\t\t\t\t<\/div>\n\t\t\t\t<\/div>\n\t\t\t\t\t<\/div>\n\t\t\t\t<\/div>\n\t\t\t\t\t<\/div>\n\t\t\t\t<\/div>\n\t\t\t\t<\/div>\n\t\t","protected":false},"excerpt":{"rendered":"<p>Splittbeton (Verkehrsfl\u00e4chen) Splittbeton in Verkehrsfl\u00e4chen dient oftmals der Erh\u00f6hung der Oberfl\u00e4chenrauigkeit und der Reduzierung von Verkehrsl\u00e4rm. In der Regel ist das System ein zwei- oder mehrschichtiger Aufbau. Die Unterkonstruktion (Unterbeton) dient als Lastverteilung, Lastabtragung in den Untergrund, nimmt die Brems- und Querkr\u00e4fte auf und ist Tau-Frost-Salzbest\u00e4ndig. Der Oberbeton ist der eigentliche Splittbeton mit einer gebrochenen [&hellip;]<\/p>\n","protected":false},"author":1,"featured_media":1961,"parent":25,"menu_order":0,"comment_status":"closed","ping_status":"closed","template":"","meta":{"_acf_changed":false,"footnotes":""},"class_list":["post-2232","page","type-page","status-publish","has-post-thumbnail","hentry"],"acf":[],"_links":{"self":[{"href":"http:\/\/pegrila.ch\/de\/wp-json\/wp\/v2\/pages\/2232","targetHints":{"allow":["GET"]}}],"collection":[{"href":"http:\/\/pegrila.ch\/de\/wp-json\/wp\/v2\/pages"}],"about":[{"href":"http:\/\/pegrila.ch\/de\/wp-json\/wp\/v2\/types\/page"}],"author":[{"embeddable":true,"href":"http:\/\/pegrila.ch\/de\/wp-json\/wp\/v2\/users\/1"}],"replies":[{"embeddable":true,"href":"http:\/\/pegrila.ch\/de\/wp-json\/wp\/v2\/comments?post=2232"}],"version-history":[{"count":0,"href":"http:\/\/pegrila.ch\/de\/wp-json\/wp\/v2\/pages\/2232\/revisions"}],"up":[{"embeddable":true,"href":"http:\/\/pegrila.ch\/de\/wp-json\/wp\/v2\/pages\/25"}],"wp:featuredmedia":[{"embeddable":true,"href":"http:\/\/pegrila.ch\/de\/wp-json\/wp\/v2\/media\/1961"}],"wp:attachment":[{"href":"http:\/\/pegrila.ch\/de\/wp-json\/wp\/v2\/media?parent=2232"}],"curies":[{"name":"wp","href":"https:\/\/api.w.org\/{rel}","templated":true}]}}